{"id":1372,"date":"2023-04-17T18:25:23","date_gmt":"2023-04-17T18:25:23","guid":{"rendered":"https:\/\/jogisart.com\/?page_id=1372"},"modified":"2025-02-13T11:56:13","modified_gmt":"2025-02-13T10:56:13","slug":"tienda-2","status":"publish","type":"page","link":"https:\/\/jogisart.com\/en\/tienda-2\/","title":{"rendered":"Shop"},"content":{"rendered":"<div data-elementor-type=\"wp-page\" data-elementor-id=\"1372\" class=\"elementor elementor-1372\" data-elementor-post-type=\"page\">\n\t\t\t\t\t\t<section class=\"elementor-section elementor-top-section elementor-element elementor-element-56c5b1d elementor-section-full_width elementor-section-height-min-height elementor-section-items-bottom elementor-section-height-default\" data-id=\"56c5b1d\" data-element_type=\"section\" data-e-type=\"section\" data-settings=\"{&quot;background_background&quot;:&quot;classic&quot;}\">\n\t\t\t\t\t\t<div class=\"elementor-container elementor-column-gap-default\">\n\t\t\t\t\t<div class=\"elementor-column elementor-col-100 elementor-top-column elementor-element elementor-element-018253e elementor-invisible\" data-id=\"018253e\" data-element_type=\"column\" data-e-type=\"column\" data-settings=\"{&quot;animation&quot;:&quot;fadeInDown&quot;}\">\n\t\t\t<div class=\"elementor-widget-wrap elementor-element-populated\">\n\t\t\t\t\t\t<section class=\"elementor-section elementor-inner-section elementor-element elementor-element-4a2baa3 elementor-section-content-middle elementor-section-boxed elementor-section-height-default elementor-section-height-default\" data-id=\"4a2baa3\" data-element_type=\"section\" data-e-type=\"section\">\n\t\t\t\t\t\t\t<div class=\"elementor-background-overlay\"><\/div>\n\t\t\t\t\t\t\t<div class=\"elementor-container elementor-column-gap-default\">\n\t\t\t\t\t<div class=\"elementor-column elementor-col-100 elementor-inner-column elementor-element elementor-element-7973606\" data-id=\"7973606\" data-element_type=\"column\" data-e-type=\"column\">\n\t\t\t<div class=\"elementor-widget-wrap elementor-element-populated\">\n\t\t\t\t\t\t<div class=\"elementor-element elementor-element-814e5b6 elementor-widget elementor-widget-heading\" data-id=\"814e5b6\" data-element_type=\"widget\" data-e-type=\"widget\" data-widget_type=\"heading.default\">\n\t\t\t\t<div class=\"elementor-widget-container\">\n\t\t\t\t\t<h2 class=\"elementor-heading-title elementor-size-default\">Shop<\/h2>\t\t\t\t<\/div>\n\t\t\t\t<\/div>\n\t\t\t\t<div class=\"elementor-element elementor-element-46c2377 elementor-widget-divider--view-line elementor-widget elementor-widget-divider\" data-id=\"46c2377\" data-element_type=\"widget\" data-e-type=\"widget\" data-widget_type=\"divider.default\">\n\t\t\t\t<div class=\"elementor-widget-container\">\n\t\t\t\t\t\t\t<div class=\"elementor-divider\">\n\t\t\t<span class=\"elementor-divider-separator\">\n\t\t\t\t\t\t<\/span>\n\t\t<\/div>\n\t\t\t\t\t\t<\/div>\n\t\t\t\t<\/div>\n\t\t\t\t<div class=\"elementor-element elementor-element-fe03427 elementor-widget elementor-widget-heading\" data-id=\"fe03427\" data-element_type=\"widget\" data-e-type=\"widget\" data-widget_type=\"heading.default\">\n\t\t\t\t<div class=\"elementor-widget-container\">\n\t\t\t\t\t<p class=\"elementor-heading-title elementor-size-default\">SELECT A CATEGORY<\/p>\t\t\t\t<\/div>\n\t\t\t\t<\/div>\n\t\t\t\t\t<\/div>\n\t\t<\/div>\n\t\t\t\t\t<\/div>\n\t\t<\/section>\n\t\t\t\t\t<\/div>\n\t\t<\/div>\n\t\t\t\t\t<\/div>\n\t\t<\/section>\n\t\t\t\t<section class=\"elementor-section elementor-top-section elementor-element elementor-element-4aeec48 elementor-section-boxed elementor-section-height-default elementor-section-height-default\" data-id=\"4aeec48\" data-element_type=\"section\" data-e-type=\"section\">\n\t\t\t\t\t\t<div class=\"elementor-container elementor-column-gap-default\">\n\t\t\t\t\t<div class=\"elementor-column elementor-col-100 elementor-top-column elementor-element elementor-element-112ba44\" data-id=\"112ba44\" data-element_type=\"column\" data-e-type=\"column\">\n\t\t\t<div class=\"elementor-widget-wrap elementor-element-populated\">\n\t\t\t\t\t\t<div class=\"elementor-element elementor-element-5d472fe elementor-product-loop-item--align-center elementor-grid-mobile-2 elementor-grid-4 elementor-grid-tablet-3 elementor-products-grid elementor-wc-products elementor-widget elementor-widget-wc-categories\" data-id=\"5d472fe\" data-element_type=\"widget\" data-e-type=\"widget\" data-widget_type=\"wc-categories.default\">\n\t\t\t\t<div class=\"elementor-widget-container\">\n\t\t\t\t\t<div class=\"woocommerce columns-4\"><ul class=\"products elementor-grid columns-4\">\n<li class=\"product-category product first\">\n\t<a aria-label=\"Visit product category Lienzos\" href=\"https:\/\/jogisart.com\/en\/categoria\/lienzos\/\" data-no-translation-aria-label=\"\"><img fetchpriority=\"high\" decoding=\"async\" src=\"https:\/\/jogisart.com\/wp-content\/uploads\/2023\/05\/GH53749-scaled-300x300.jpg\" alt=\"Lienzos\" width=\"300\" height=\"300\" srcset=\"https:\/\/jogisart.com\/wp-content\/uploads\/2023\/05\/GH53749-scaled-300x300.jpg 300w, https:\/\/jogisart.com\/wp-content\/uploads\/2023\/05\/GH53749-scaled-100x100.jpg 100w, https:\/\/jogisart.com\/wp-content\/uploads\/2023\/05\/GH53749-150x150.jpg 150w, https:\/\/jogisart.com\/wp-content\/uploads\/2023\/05\/GH53749-scaled-1200x1200-cropped.jpg 1200w\" sizes=\"(max-width: 300px) 100vw, 300px\" \/>\t\t<h2 class=\"woocommerce-loop-category__title\">\n\t\t\tCanvases <mark class=\"count\">(50)<\/mark>\t\t<\/h2>\n\t\t<\/a><\/li>\n<li class=\"product-category product\">\n\t<a aria-label=\"Visit product category JoGis Bear\" href=\"https:\/\/jogisart.com\/en\/categoria\/jogis-bear\/\" data-no-translation-aria-label=\"\"><img decoding=\"async\" src=\"https:\/\/jogisart.com\/wp-content\/uploads\/2023\/04\/IMG_5375-1-scaled-e1682947109869-300x300.jpg\" alt=\"JoGis Bear\" width=\"300\" height=\"300\" srcset=\"https:\/\/jogisart.com\/wp-content\/uploads\/2023\/04\/IMG_5375-1-scaled-e1682947109869-300x300.jpg 300w, https:\/\/jogisart.com\/wp-content\/uploads\/2023\/04\/IMG_5375-1-scaled-e1682947109869-100x100.jpg 100w, https:\/\/jogisart.com\/wp-content\/uploads\/2023\/04\/IMG_5375-1-scaled-e1682947109869-150x150.jpg 150w\" sizes=\"(max-width: 300px) 100vw, 300px\" \/>\t\t<h2 class=\"woocommerce-loop-category__title\">\n\t\t\tJoGis Bear <mark class=\"count\">(42)<\/mark>\t\t<\/h2>\n\t\t<\/a><\/li>\n<li class=\"product-category product\">\n\t<a aria-label=\"Visit product category Joya JoGis Bear\" href=\"https:\/\/jogisart.com\/en\/categoria\/colgante-jogis-bear\/\" data-no-translation-aria-label=\"\"><img decoding=\"async\" src=\"https:\/\/jogisart.com\/wp-content\/uploads\/2023\/11\/GH53178-scaled-e1738253986947-300x300.jpg\" alt=\"Joya JoGis Bear\" width=\"300\" height=\"300\" srcset=\"https:\/\/jogisart.com\/wp-content\/uploads\/2023\/11\/GH53178-scaled-e1738253986947-300x300.jpg 300w, https:\/\/jogisart.com\/wp-content\/uploads\/2023\/11\/GH53178-scaled-e1738253986947-100x100.jpg 100w, https:\/\/jogisart.com\/wp-content\/uploads\/2023\/11\/GH53178-scaled-e1738253986947-150x150.jpg 150w\" sizes=\"(max-width: 300px) 100vw, 300px\" \/>\t\t<h2 class=\"woocommerce-loop-category__title\">\n\t\t\tJoGis Bear Jewellery <mark class=\"count\">(1)<\/mark>\t\t<\/h2>\n\t\t<\/a><\/li>\n<li class=\"product-category product last\">\n\t<a aria-label=\"Visit product category Impresiones de Arte Pop \u2013 Ediciones Limitadas Firmadas por JoGis Art\" href=\"https:\/\/jogisart.com\/en\/categoria\/arte-pop-impresiones-limitadas\/\" data-no-translation-aria-label=\"\"><img loading=\"lazy\" decoding=\"async\" src=\"https:\/\/jogisart.com\/wp-content\/uploads\/2025\/01\/IMG_5769-1-scaled-e1738253807860-300x300.jpg\" alt=\"Impresiones de Arte Pop \u2013 Ediciones Limitadas Firmadas por JoGis Art\" width=\"300\" height=\"300\" srcset=\"https:\/\/jogisart.com\/wp-content\/uploads\/2025\/01\/IMG_5769-1-scaled-e1738253807860-300x300.jpg 300w, https:\/\/jogisart.com\/wp-content\/uploads\/2025\/01\/IMG_5769-1-scaled-e1738253807860-150x150.jpg 150w, https:\/\/jogisart.com\/wp-content\/uploads\/2025\/01\/IMG_5769-1-scaled-e1738253807860-100x100.jpg 100w\" sizes=\"(max-width: 300px) 100vw, 300px\" \/>\t\t<h2 class=\"woocommerce-loop-category__title\">\n\t\t\tPop Art Prints - Limited Editions Signed by JoGis Art <mark class=\"count\">(21)<\/mark>\t\t<\/h2>\n\t\t<\/a><\/li>\n<li class=\"product-category product first\">\n\t<a aria-label=\"Visit product category 200 cm\" href=\"https:\/\/jogisart.com\/en\/categoria\/jogis-bear\/200-cm-edition\/\" data-no-translation-aria-label=\"\"><img loading=\"lazy\" decoding=\"async\" src=\"https:\/\/jogisart.com\/wp-content\/uploads\/2025\/01\/IMG_5375-e1738252313930-300x300.jpg\" alt=\"200 cm\" width=\"300\" height=\"300\" srcset=\"https:\/\/jogisart.com\/wp-content\/uploads\/2025\/01\/IMG_5375-e1738252313930-300x300.jpg 300w, https:\/\/jogisart.com\/wp-content\/uploads\/2025\/01\/IMG_5375-e1738252313930-150x150.jpg 150w, https:\/\/jogisart.com\/wp-content\/uploads\/2025\/01\/IMG_5375-e1738252313930-100x100.jpg 100w\" sizes=\"(max-width: 300px) 100vw, 300px\" \/>\t\t<h2 class=\"woocommerce-loop-category__title\">\n\t\t\t200 cm <mark class=\"count\">(11)<\/mark>\t\t<\/h2>\n\t\t<\/a><\/li>\n<li class=\"product-category product\">\n\t<a aria-label=\"Visit product category Accesorios de decoraci\u00f3n\" href=\"https:\/\/jogisart.com\/en\/categoria\/accesorios-decorativos\/\" data-no-translation-aria-label=\"\"><img loading=\"lazy\" decoding=\"async\" src=\"https:\/\/jogisart.com\/wp-content\/uploads\/2025\/01\/GH54517-e1738254144862-300x300.jpg\" alt=\"Accesorios de decoraci\u00f3n\" width=\"300\" height=\"300\" srcset=\"https:\/\/jogisart.com\/wp-content\/uploads\/2025\/01\/GH54517-e1738254144862-300x300.jpg 300w, https:\/\/jogisart.com\/wp-content\/uploads\/2025\/01\/GH54517-e1738254144862-150x150.jpg 150w, https:\/\/jogisart.com\/wp-content\/uploads\/2025\/01\/GH54517-e1738254144862-100x100.jpg 100w\" sizes=\"(max-width: 300px) 100vw, 300px\" \/>\t\t<h2 class=\"woocommerce-loop-category__title\">\n\t\t\tDecorative accessories <mark class=\"count\">(100)<\/mark>\t\t<\/h2>\n\t\t<\/a><\/li>\n<li class=\"product-category product\">\n\t<a aria-label=\"Visit product category 50 cm\" href=\"https:\/\/jogisart.com\/en\/categoria\/jogis-bear\/50-cm-edition\/\" data-no-translation-aria-label=\"\"><img loading=\"lazy\" decoding=\"async\" src=\"https:\/\/jogisart.com\/wp-content\/uploads\/2025\/01\/GH53663-e1738252828818-300x300.jpg\" alt=\"50 cm\" width=\"300\" height=\"300\" srcset=\"https:\/\/jogisart.com\/wp-content\/uploads\/2025\/01\/GH53663-e1738252828818-300x300.jpg 300w, https:\/\/jogisart.com\/wp-content\/uploads\/2025\/01\/GH53663-e1738252828818-150x150.jpg 150w, https:\/\/jogisart.com\/wp-content\/uploads\/2025\/01\/GH53663-e1738252828818-100x100.jpg 100w\" sizes=\"(max-width: 300px) 100vw, 300px\" \/>\t\t<h2 class=\"woocommerce-loop-category__title\">\n\t\t\t50 cm <mark class=\"count\">(10)<\/mark>\t\t<\/h2>\n\t\t<\/a><\/li>\n<li class=\"product-category product last\">\n\t<a aria-label=\"Visit product category 30 cm\" href=\"https:\/\/jogisart.com\/en\/categoria\/jogis-bear\/30-cm-edition\/\" data-no-translation-aria-label=\"\"><img loading=\"lazy\" decoding=\"async\" src=\"https:\/\/jogisart.com\/wp-content\/uploads\/2024\/02\/GH54448-scaled-e1738253352107-300x300.jpg\" alt=\"30 cm\" width=\"300\" height=\"300\" srcset=\"https:\/\/jogisart.com\/wp-content\/uploads\/2024\/02\/GH54448-scaled-e1738253352107-300x300.jpg 300w, https:\/\/jogisart.com\/wp-content\/uploads\/2024\/02\/GH54448-scaled-e1738253352107-100x100.jpg 100w, https:\/\/jogisart.com\/wp-content\/uploads\/2024\/02\/GH54448-scaled-e1738253352107-150x150.jpg 150w\" sizes=\"(max-width: 300px) 100vw, 300px\" \/>\t\t<h2 class=\"woocommerce-loop-category__title\">\n\t\t\t30 cm <mark class=\"count\">(21)<\/mark>\t\t<\/h2>\n\t\t<\/a><\/li>\n<\/ul>\n<\/div>\t\t\t\t<\/div>\n\t\t\t\t<\/div>\n\t\t\t\t\t<\/div>\n\t\t<\/div>\n\t\t\t\t\t<\/div>\n\t\t<\/section>\n\t\t\t\t<section class=\"elementor-section elementor-top-section elementor-element elementor-element-3a3a4b0 elementor-section-boxed elementor-section-height-default elementor-section-height-default\" data-id=\"3a3a4b0\" data-element_type=\"section\" data-e-type=\"section\">\n\t\t\t\t\t\t<div class=\"elementor-container elementor-column-gap-default\">\n\t\t\t\t\t<div class=\"elementor-column elementor-col-100 elementor-top-column elementor-element elementor-element-2e49ac8\" data-id=\"2e49ac8\" data-element_type=\"column\" data-e-type=\"column\">\n\t\t\t<div class=\"elementor-widget-wrap elementor-element-populated\">\n\t\t\t\t\t\t<div class=\"elementor-element elementor-element-2633a46 elementor-widget-divider--view-line elementor-widget elementor-widget-divider\" data-id=\"2633a46\" data-element_type=\"widget\" data-e-type=\"widget\" data-widget_type=\"divider.default\">\n\t\t\t\t<div class=\"elementor-widget-container\">\n\t\t\t\t\t\t\t<div class=\"elementor-divider\">\n\t\t\t<span class=\"elementor-divider-separator\">\n\t\t\t\t\t\t<\/span>\n\t\t<\/div>\n\t\t\t\t\t\t<\/div>\n\t\t\t\t<\/div>\n\t\t\t\t\t<\/div>\n\t\t<\/div>\n\t\t\t\t\t<\/div>\n\t\t<\/section>\n\t\t\t\t<section class=\"elementor-section elementor-top-section elementor-element elementor-element-5534ea6a elementor-section-boxed elementor-section-height-default elementor-section-height-default\" data-id=\"5534ea6a\" data-element_type=\"section\" data-e-type=\"section\" data-settings=\"{&quot;background_background&quot;:&quot;classic&quot;}\">\n\t\t\t\t\t\t<div class=\"elementor-container elementor-column-gap-default\">\n\t\t\t\t\t<div class=\"elementor-column elementor-col-100 elementor-top-column elementor-element elementor-element-633ae74d\" data-id=\"633ae74d\" data-element_type=\"column\" data-e-type=\"column\" data-settings=\"{&quot;background_background&quot;:&quot;classic&quot;}\">\n\t\t\t<div class=\"elementor-widget-wrap elementor-element-populated\">\n\t\t\t\t\t\t<div class=\"elementor-element elementor-element-dc73227 elementor-widget elementor-widget-image\" data-id=\"dc73227\" data-element_type=\"widget\" data-e-type=\"widget\" data-widget_type=\"image.default\">\n\t\t\t\t<div class=\"elementor-widget-container\">\n\t\t\t\t\t\t\t\t\t\t\t\t\t\t\t<img loading=\"lazy\" decoding=\"async\" width=\"512\" height=\"512\" src=\"https:\/\/jogisart.com\/wp-content\/uploads\/2023\/03\/mail-send-1.png\" class=\"attachment-large size-large wp-image-281\" alt=\"\" srcset=\"https:\/\/jogisart.com\/wp-content\/uploads\/2023\/03\/mail-send-1.png 512w, https:\/\/jogisart.com\/wp-content\/uploads\/2023\/03\/mail-send-1-300x300.png 300w, https:\/\/jogisart.com\/wp-content\/uploads\/2023\/03\/mail-send-1-100x100.png 100w, https:\/\/jogisart.com\/wp-content\/uploads\/2023\/03\/mail-send-1-150x150.png 150w\" sizes=\"(max-width: 512px) 100vw, 512px\" data-wp-pid=\"281\" \/>\t\t\t\t\t\t\t\t\t\t\t\t\t\t\t<\/div>\n\t\t\t\t<\/div>\n\t\t\t\t<div class=\"elementor-element elementor-element-f49a767 elementor-widget elementor-widget-heading\" data-id=\"f49a767\" data-element_type=\"widget\" data-e-type=\"widget\" data-widget_type=\"heading.default\">\n\t\t\t\t<div class=\"elementor-widget-container\">\n\t\t\t\t\t<h2 class=\"elementor-heading-title elementor-size-default\">Art arrives in your mailbox<\/h2>\t\t\t\t<\/div>\n\t\t\t\t<\/div>\n\t\t\t\t<div class=\"elementor-element elementor-element-4f7d5c43 elementor-widget elementor-widget-text-editor\" data-id=\"4f7d5c43\" data-element_type=\"widget\" data-e-type=\"widget\" data-widget_type=\"text-editor.default\">\n\t\t\t\t<div class=\"elementor-widget-container\">\n\t\t\t\t\t\t\t\t\t<p style=\"text-align: center;\">Subscribe to the Newsletter and receive information and news about the latest auctions and events.<\/p>\t\t\t\t\t\t\t\t<\/div>\n\t\t\t\t<\/div>\n\t\t\t\t<div class=\"elementor-element elementor-element-877f25b elementor-widget elementor-widget-wp-widget-newsletterwidget\" data-id=\"877f25b\" data-element_type=\"widget\" data-e-type=\"widget\" data-widget_type=\"wp-widget-newsletterwidget.default\">\n\t\t\t\t<div class=\"elementor-widget-container\">\n\t\t\t\t\t<h5>Newsletter<\/h5><div class=\"tnp tnp-subscription tnp-widget\">\n<form method=\"post\" action=\"https:\/\/jogisart.com\/wp-admin\/admin-ajax.php?action=tnp&amp;na=s\">\n<input type=\"hidden\" name=\"nr\" value=\"widget\">\n<input type=\"hidden\" name=\"nlang\" value=\"\">\n<div class=\"tnp-field tnp-field-email\"><label for=\"tnp-1\">Email<\/label>\n<input class=\"tnp-email\" type=\"email\" name=\"ne\" id=\"tnp-1\" value=\"\" placeholder=\"\" required><\/div>\n<div class=\"tnp-field tnp-privacy-field\"><label><input type=\"checkbox\" name=\"ny\" required class=\"tnp-privacy\"> <a target=\"_blank\" href=\"https:\/\/jogisart.com\/en\/politica-de-privacidad\/\">I accept the privacy policy<\/a><\/label><\/div><div class=\"tnp-field tnp-field-button\" style=\"text-align: left\"><input class=\"tnp-submit\" type=\"submit\" value=\"Subscribe\" style=\"\">\n<\/div>\n<\/form>\n<\/div>\n\t\t\t\t<\/div>\n\t\t\t\t<\/div>\n\t\t\t\t\t<\/div>\n\t\t<\/div>\n\t\t\t\t\t<\/div>\n\t\t<\/section>\n\t\t\t\t<\/div>","protected":false},"excerpt":{"rendered":"<p>Tienda SELECCIONA UNA CATEGOR\u00cdA El arte llega hasta tu correo Suscr\u00edbete al Newsletter y recibe informaci\u00f3n y noticias sobre las \u00faltimas subastas y eventos.<\/p>","protected":false},"author":1,"featured_media":3567,"parent":0,"menu_order":0,"comment_status":"closed","ping_status":"closed","template":"","meta":{"_joinchat":[],"footnotes":""},"class_list":["post-1372","page","type-page","status-publish","has-post-thumbnail","hentry"],"_links":{"self":[{"href":"https:\/\/jogisart.com\/en\/wp-json\/wp\/v2\/pages\/1372","targetHints":{"allow":["GET"]}}],"collection":[{"href":"https:\/\/jogisart.com\/en\/wp-json\/wp\/v2\/pages"}],"about":[{"href":"https:\/\/jogisart.com\/en\/wp-json\/wp\/v2\/types\/page"}],"author":[{"embeddable":true,"href":"https:\/\/jogisart.com\/en\/wp-json\/wp\/v2\/users\/1"}],"replies":[{"embeddable":true,"href":"https:\/\/jogisart.com\/en\/wp-json\/wp\/v2\/comments?post=1372"}],"version-history":[{"count":26,"href":"https:\/\/jogisart.com\/en\/wp-json\/wp\/v2\/pages\/1372\/revisions"}],"predecessor-version":[{"id":3861,"href":"https:\/\/jogisart.com\/en\/wp-json\/wp\/v2\/pages\/1372\/revisions\/3861"}],"wp:featuredmedia":[{"embeddable":true,"href":"https:\/\/jogisart.com\/en\/wp-json\/wp\/v2\/media\/3567"}],"wp:attachment":[{"href":"https:\/\/jogisart.com\/en\/wp-json\/wp\/v2\/media?parent=1372"}],"curies":[{"name":"wp","href":"https:\/\/api.w.org\/{rel}","templated":true}]}}