{"id":303,"date":"2023-03-01T20:58:57","date_gmt":"2023-03-01T20:58:57","guid":{"rendered":"https:\/\/jogisart.com\/?page_id=303"},"modified":"2023-08-17T14:55:58","modified_gmt":"2023-08-17T14:55:58","slug":"politica-de-privacidad","status":"publish","type":"page","link":"https:\/\/jogisart.com\/en\/politica-de-privacidad\/","title":{"rendered":"Privacy Policy"},"content":{"rendered":"<div data-elementor-type=\"wp-page\" data-elementor-id=\"303\" class=\"elementor elementor-303\" data-elementor-post-type=\"page\">\n\t\t\t\t\t\t<section class=\"elementor-section elementor-top-section elementor-element elementor-element-74ae772 elementor-section-full_width elementor-section-height-min-height elementor-section-items-bottom elementor-section-height-default\" data-id=\"74ae772\" data-element_type=\"section\" data-e-type=\"section\" data-settings=\"{&quot;background_background&quot;:&quot;classic&quot;}\">\n\t\t\t\t\t\t<div class=\"elementor-container elementor-column-gap-default\">\n\t\t\t\t\t<div class=\"elementor-column elementor-col-100 elementor-top-column elementor-element elementor-element-507f7d7 elementor-invisible\" data-id=\"507f7d7\" data-element_type=\"column\" data-e-type=\"column\" data-settings=\"{&quot;animation&quot;:&quot;fadeInDown&quot;}\">\n\t\t\t<div class=\"elementor-widget-wrap elementor-element-populated\">\n\t\t\t\t\t\t<section class=\"elementor-section elementor-inner-section elementor-element elementor-element-1e614c7 elementor-section-content-middle elementor-section-boxed elementor-section-height-default elementor-section-height-default\" data-id=\"1e614c7\" data-element_type=\"section\" data-e-type=\"section\">\n\t\t\t\t\t\t\t<div class=\"elementor-background-overlay\"><\/div>\n\t\t\t\t\t\t\t<div class=\"elementor-container elementor-column-gap-default\">\n\t\t\t\t\t<div class=\"elementor-column elementor-col-100 elementor-inner-column elementor-element elementor-element-c146911\" data-id=\"c146911\" data-element_type=\"column\" data-e-type=\"column\">\n\t\t\t<div class=\"elementor-widget-wrap elementor-element-populated\">\n\t\t\t\t\t\t<div class=\"elementor-element elementor-element-049841b elementor-widget elementor-widget-heading\" data-id=\"049841b\" data-element_type=\"widget\" data-e-type=\"widget\" data-widget_type=\"heading.default\">\n\t\t\t\t<div class=\"elementor-widget-container\">\n\t\t\t\t\t<h2 class=\"elementor-heading-title elementor-size-default\">Privacy Policy<\/h2>\t\t\t\t<\/div>\n\t\t\t\t<\/div>\n\t\t\t\t<div class=\"elementor-element elementor-element-3d6c9ff elementor-widget-divider--view-line elementor-widget elementor-widget-divider\" data-id=\"3d6c9ff\" data-element_type=\"widget\" data-e-type=\"widget\" data-widget_type=\"divider.default\">\n\t\t\t\t<div class=\"elementor-widget-container\">\n\t\t\t\t\t\t\t<div class=\"elementor-divider\">\n\t\t\t<span class=\"elementor-divider-separator\">\n\t\t\t\t\t\t<\/span>\n\t\t<\/div>\n\t\t\t\t\t\t<\/div>\n\t\t\t\t<\/div>\n\t\t\t\t\t<\/div>\n\t\t<\/div>\n\t\t\t\t\t<\/div>\n\t\t<\/section>\n\t\t\t\t\t<\/div>\n\t\t<\/div>\n\t\t\t\t\t<\/div>\n\t\t<\/section>\n\t\t\t\t<section class=\"elementor-section elementor-top-section elementor-element elementor-element-fe63e8b elementor-section-boxed elementor-section-height-default elementor-section-height-default\" data-id=\"fe63e8b\" data-element_type=\"section\" data-e-type=\"section\">\n\t\t\t\t\t\t<div class=\"elementor-container elementor-column-gap-default\">\n\t\t\t\t\t<div class=\"elementor-column elementor-col-100 elementor-top-column elementor-element elementor-element-6889aa1\" data-id=\"6889aa1\" data-element_type=\"column\" data-e-type=\"column\">\n\t\t\t<div class=\"elementor-widget-wrap elementor-element-populated\">\n\t\t\t\t\t\t<div class=\"elementor-element elementor-element-762759c elementor-widget-divider--view-line elementor-widget elementor-widget-divider\" data-id=\"762759c\" data-element_type=\"widget\" data-e-type=\"widget\" data-widget_type=\"divider.default\">\n\t\t\t\t<div class=\"elementor-widget-container\">\n\t\t\t\t\t\t\t<div class=\"elementor-divider\">\n\t\t\t<span class=\"elementor-divider-separator\">\n\t\t\t\t\t\t<\/span>\n\t\t<\/div>\n\t\t\t\t\t\t<\/div>\n\t\t\t\t<\/div>\n\t\t\t\t<div class=\"elementor-element elementor-element-6f40f0e elementor-widget elementor-widget-text-editor\" data-id=\"6f40f0e\" data-element_type=\"widget\" data-e-type=\"widget\" data-widget_type=\"text-editor.default\">\n\t\t\t\t<div class=\"elementor-widget-container\">\n\t\t\t\t\t\t\t\t\t<p>Jogis Art values your privacy and is committed to protecting your personal information. This Privacy and Cookie Policy describes how we collect, use and share information about you when you use our website.<br><\/p>\n<h3>Information Gathering<\/h3>\n<p>We may collect personal information, such as your name, email address, postal address and telephone number, when you register on our website or make a purchase. We may also collect non-personal information, such as your IP address, browser type, device used and browsing patterns on our website.<\/p>\n<h3>Use of Information<\/h3>\n<p>The information we collect is used to provide you with the services you have requested and to enhance your experience on our website. We may also use your information to send you communications regarding our offers, promotions and updates.<\/p>\n<h3>Information Sharing<\/h3>\n<p>Jogis Art will not share your personal information with third parties, except as necessary to comply with applicable laws and regulations or to protect our legal rights.<\/p>\n<h3>Cookies<\/h3>\n<p>We use cookies and similar technologies to collect information about your activity on our website. Cookies are small text files that are stored in your browser and allow us to recognise your browser and personalise your experience on our website.<\/p>\n<p>We also use third-party cookies to collect information about how users interact with our website and to personalise our ads. You can opt out of interest-based advertising by visiting the Network Advertising Initiative (NAI) opt-out page or the Digital Advertising Alliance (DAA) opt-out page.<\/p>\n<h3>Information Security<\/h3>\n<p>We take reasonable steps to protect the information we collect, including implementing technical and organisational security measures to protect against loss, misuse and unauthorised access.<\/p>\n<h3>Changes to the Privacy and Cookie Policy<\/h3>\n<p>We may update this Privacy and Cookie Policy at any time without notice. We recommend that you review this policy periodically to be informed of any changes.<\/p>\n<h3>Contact us at<\/h3>\n<p>If you have any questions about this Privacy and Cookie Policy, please contact us through our contact section.<\/p>\t\t\t\t\t\t\t\t<\/div>\n\t\t\t\t<\/div>\n\t\t\t\t\t<\/div>\n\t\t<\/div>\n\t\t\t\t\t<\/div>\n\t\t<\/section>\n\t\t\t\t<section class=\"elementor-section elementor-top-section elementor-element elementor-element-968221b elementor-section-boxed elementor-section-height-default elementor-section-height-default\" data-id=\"968221b\" data-element_type=\"section\" data-e-type=\"section\" data-settings=\"{&quot;background_background&quot;:&quot;classic&quot;}\">\n\t\t\t\t\t\t<div class=\"elementor-container elementor-column-gap-default\">\n\t\t\t\t\t<div class=\"elementor-column elementor-col-100 elementor-top-column elementor-element elementor-element-bc1ab05\" data-id=\"bc1ab05\" data-element_type=\"column\" data-e-type=\"column\" data-settings=\"{&quot;background_background&quot;:&quot;classic&quot;}\">\n\t\t\t<div class=\"elementor-widget-wrap elementor-element-populated\">\n\t\t\t\t\t\t<div class=\"elementor-element elementor-element-91b82f7 elementor-widget elementor-widget-image\" data-id=\"91b82f7\" data-element_type=\"widget\" data-e-type=\"widget\" data-widget_type=\"image.default\">\n\t\t\t\t<div class=\"elementor-widget-container\">\n\t\t\t\t\t\t\t\t\t\t\t\t\t\t\t<img fetchpriority=\"high\" decoding=\"async\" width=\"512\" height=\"512\" src=\"https:\/\/jogisart.com\/wp-content\/uploads\/2023\/03\/mail-send-1.png\" class=\"attachment-large size-large wp-image-281\" alt=\"\" srcset=\"https:\/\/jogisart.com\/wp-content\/uploads\/2023\/03\/mail-send-1.png 512w, https:\/\/jogisart.com\/wp-content\/uploads\/2023\/03\/mail-send-1-300x300.png 300w, https:\/\/jogisart.com\/wp-content\/uploads\/2023\/03\/mail-send-1-100x100.png 100w, https:\/\/jogisart.com\/wp-content\/uploads\/2023\/03\/mail-send-1-150x150.png 150w\" sizes=\"(max-width: 512px) 100vw, 512px\" data-wp-pid=\"281\" \/>\t\t\t\t\t\t\t\t\t\t\t\t\t\t\t<\/div>\n\t\t\t\t<\/div>\n\t\t\t\t<div class=\"elementor-element elementor-element-93a4977 elementor-widget elementor-widget-heading\" data-id=\"93a4977\" data-element_type=\"widget\" data-e-type=\"widget\" data-widget_type=\"heading.default\">\n\t\t\t\t<div class=\"elementor-widget-container\">\n\t\t\t\t\t<h2 class=\"elementor-heading-title elementor-size-default\">Art arrives in your mailbox<\/h2>\t\t\t\t<\/div>\n\t\t\t\t<\/div>\n\t\t\t\t<div class=\"elementor-element elementor-element-557916a elementor-widget elementor-widget-text-editor\" data-id=\"557916a\" data-element_type=\"widget\" data-e-type=\"widget\" data-widget_type=\"text-editor.default\">\n\t\t\t\t<div class=\"elementor-widget-container\">\n\t\t\t\t\t\t\t\t\t<p style=\"text-align: center;\">Subscribe to the Newsletter and receive information and news about the latest auctions and events.<\/p>\t\t\t\t\t\t\t\t<\/div>\n\t\t\t\t<\/div>\n\t\t\t\t<div class=\"elementor-element elementor-element-4796db0 elementor-align-center elementor-widget elementor-widget-button\" data-id=\"4796db0\" data-element_type=\"widget\" data-e-type=\"widget\" data-widget_type=\"button.default\">\n\t\t\t\t<div class=\"elementor-widget-container\">\n\t\t\t\t\t\t\t\t\t<div class=\"elementor-button-wrapper\">\n\t\t\t\t\t<a class=\"elementor-button elementor-button-link elementor-size-sm\" href=\"#\">\n\t\t\t\t\t\t<span class=\"elementor-button-content-wrapper\">\n\t\t\t\t\t\t<span class=\"elementor-button-icon\">\n\t\t\t\t<i aria-hidden=\"true\" class=\"fas fa-arrow-right\"><\/i>\t\t\t<\/span>\n\t\t\t\t\t\t\t\t\t<span class=\"elementor-button-text\">subscribe now<\/span>\n\t\t\t\t\t<\/span>\n\t\t\t\t\t<\/a>\n\t\t\t\t<\/div>\n\t\t\t\t\t\t\t\t<\/div>\n\t\t\t\t<\/div>\n\t\t\t\t\t<\/div>\n\t\t<\/div>\n\t\t\t\t\t<\/div>\n\t\t<\/section>\n\t\t\t\t<\/div>","protected":false},"excerpt":{"rendered":"<p>Pol\u00edtica de Privacidad Jogis Art valora tu privacidad y se compromete a proteger tus datos personales. Esta Pol\u00edtica de Privacidad y Cookies describe c\u00f3mo recopilamos, utilizamos y compartimos informaci\u00f3n sobre ti cuando utilizas nuestro sitio web. Recopilaci\u00f3n de Informaci\u00f3n Podemos recopilar informaci\u00f3n personal, como tu nombre, direcci\u00f3n de correo electr\u00f3nico, direcci\u00f3n postal y n\u00famero de [&hellip;]<\/p>\n","protected":false},"author":1,"featured_media":0,"parent":0,"menu_order":0,"comment_status":"closed","ping_status":"closed","template":"elementor_header_footer","meta":{"_joinchat":[],"footnotes":""},"class_list":["post-303","page","type-page","status-publish","hentry"],"_links":{"self":[{"href":"https:\/\/jogisart.com\/en\/wp-json\/wp\/v2\/pages\/303","targetHints":{"allow":["GET"]}}],"collection":[{"href":"https:\/\/jogisart.com\/en\/wp-json\/wp\/v2\/pages"}],"about":[{"href":"https:\/\/jogisart.com\/en\/wp-json\/wp\/v2\/types\/page"}],"author":[{"embeddable":true,"href":"https:\/\/jogisart.com\/en\/wp-json\/wp\/v2\/users\/1"}],"replies":[{"embeddable":true,"href":"https:\/\/jogisart.com\/en\/wp-json\/wp\/v2\/comments?post=303"}],"version-history":[{"count":10,"href":"https:\/\/jogisart.com\/en\/wp-json\/wp\/v2\/pages\/303\/revisions"}],"predecessor-version":[{"id":551,"href":"https:\/\/jogisart.com\/en\/wp-json\/wp\/v2\/pages\/303\/revisions\/551"}],"wp:attachment":[{"href":"https:\/\/jogisart.com\/en\/wp-json\/wp\/v2\/media?parent=303"}],"curies":[{"name":"wp","href":"https:\/\/api.w.org\/{rel}","templated":true}]}}