{"id":746,"date":"2023-04-16T23:28:28","date_gmt":"2023-04-16T23:28:28","guid":{"rendered":"https:\/\/jogisart.com\/?post_type=product&#038;p=746"},"modified":"2023-05-12T10:10:20","modified_gmt":"2023-05-12T10:10:20","slug":"free","status":"publish","type":"product","link":"https:\/\/jogisart.com\/en\/product\/free\/","title":{"rendered":"Free"},"content":{"rendered":"<p>Libert\u00e9 Egalit\u00e9 Sexualit\u00e9 nos grita Agallas, el Perro Cobarde. El mensaje no tan oculto detr\u00e1s de esta pieza es el ic\u00f3nico lema de \u00abhaz el amor, no la guerra\u00bb. Seamos humanos y disfrutemos de nuestra libertad, igualdad y sexualidad de una vez y para siempre.<\/p>\n<ul>\n<li><strong>Technique:\u00a0<\/strong>Mixed media on canvas<\/li>\n<li><strong>Size: <\/strong>80 x 150 cm<\/li>\n<li><strong>Year: <\/strong>2020<\/li>\n<li><strong>Collection:\u00a0<\/strong>Collector's Edition<\/li>\n<\/ul>","protected":false},"excerpt":{"rendered":"<p>We must return to the revolutionary values of freedom and equality to fight for the evolution of our society. The not-so-hidden message behind this piece is the iconic slogan \"make love, not war\". Let's be human and enjoy our freedom, equality and sexuality once and for all.<\/p>\n<ul>\n<li><strong>Technique:\u00a0<\/strong>Mixed media on canvas<\/li>\n<li><strong>Size: <\/strong>80 x 150 cm<\/li>\n<li><strong>Year: <\/strong>2020<\/li>\n<li><strong>Collection: <\/strong>Collector's item<\/li>\n<\/ul>\n<p>&nbsp;<\/p>","protected":false},"featured_media":1890,"comment_status":"closed","ping_status":"closed","template":"","meta":{"_joinchat":[]},"product_brand":[],"product_cat":[26],"product_tag":[38],"class_list":{"0":"post-746","1":"product","2":"type-product","3":"status-publish","4":"has-post-thumbnail","6":"product_cat-lienzos","7":"product_tag-jogis-art","9":"first","10":"instock","11":"taxable","12":"shipping-taxable","13":"product-type-simple"},"_links":{"self":[{"href":"https:\/\/jogisart.com\/en\/wp-json\/wp\/v2\/product\/746","targetHints":{"allow":["GET"]}}],"collection":[{"href":"https:\/\/jogisart.com\/en\/wp-json\/wp\/v2\/product"}],"about":[{"href":"https:\/\/jogisart.com\/en\/wp-json\/wp\/v2\/types\/product"}],"replies":[{"embeddable":true,"href":"https:\/\/jogisart.com\/en\/wp-json\/wp\/v2\/comments?post=746"}],"wp:featuredmedia":[{"embeddable":true,"href":"https:\/\/jogisart.com\/en\/wp-json\/wp\/v2\/media\/1890"}],"wp:attachment":[{"href":"https:\/\/jogisart.com\/en\/wp-json\/wp\/v2\/media?parent=746"}],"wp:term":[{"taxonomy":"product_brand","embeddable":true,"href":"https:\/\/jogisart.com\/en\/wp-json\/wp\/v2\/product_brand?post=746"},{"taxonomy":"product_cat","embeddable":true,"href":"https:\/\/jogisart.com\/en\/wp-json\/wp\/v2\/product_cat?post=746"},{"taxonomy":"product_tag","embeddable":true,"href":"https:\/\/jogisart.com\/en\/wp-json\/wp\/v2\/product_tag?post=746"}],"curies":[{"name":"wp","href":"https:\/\/api.w.org\/{rel}","templated":true}]}}