{"id":935,"date":"2023-04-16T23:35:21","date_gmt":"2023-04-16T23:35:21","guid":{"rendered":"https:\/\/jogisart.com\/?post_type=product&#038;p=935"},"modified":"2023-05-15T14:52:58","modified_gmt":"2023-05-15T14:52:58","slug":"spray-chanel-i","status":"publish","type":"product","link":"https:\/\/jogisart.com\/en\/product\/spray-chanel-i\/","title":{"rendered":"Spray - Chanel I"},"content":{"rendered":"<p>Sustainable recycling sculpture.<\/p>\n<p>All funds raised go to the creation of schools and hospitals for our foundation Coraz\u00f3n de arena.<\/p>\n<ul>\n<li><strong>Technique:\u00a0<\/strong>Spray and vinyl.<\/li>\n<li><strong>Size: <\/strong>17 x 7 cm<\/li>\n<\/ul>","protected":false},"excerpt":{"rendered":"<p>Escultura de reciclaje sostenible. Todos los fondos recaudados van destinados a a la creaci\u00f3n de escuelas y hospitales para nuestra fundaci\u00f3n Coraz\u00f3n de arena. T\u00e9cnica:\u00a0Spray y vinilo. Tama\u00f1o: 17 x 7\u00a0cm<\/p>","protected":false},"featured_media":1989,"comment_status":"closed","ping_status":"closed","template":"","meta":{"_joinchat":[]},"product_brand":[],"product_cat":[29],"product_tag":[38,45,54,55],"class_list":{"0":"post-935","1":"product","2":"type-product","3":"status-publish","4":"has-post-thumbnail","6":"product_cat-accesorios-decorativos","7":"product_tag-jogis-art","8":"product_tag-chanel","9":"product_tag-chanel-edition","10":"product_tag-spray","11":"product_shipping_class-sprays","13":"first","14":"instock","15":"purchasable","16":"product-type-simple"},"_links":{"self":[{"href":"https:\/\/jogisart.com\/en\/wp-json\/wp\/v2\/product\/935","targetHints":{"allow":["GET"]}}],"collection":[{"href":"https:\/\/jogisart.com\/en\/wp-json\/wp\/v2\/product"}],"about":[{"href":"https:\/\/jogisart.com\/en\/wp-json\/wp\/v2\/types\/product"}],"replies":[{"embeddable":true,"href":"https:\/\/jogisart.com\/en\/wp-json\/wp\/v2\/comments?post=935"}],"wp:featuredmedia":[{"embeddable":true,"href":"https:\/\/jogisart.com\/en\/wp-json\/wp\/v2\/media\/1989"}],"wp:attachment":[{"href":"https:\/\/jogisart.com\/en\/wp-json\/wp\/v2\/media?parent=935"}],"wp:term":[{"taxonomy":"product_brand","embeddable":true,"href":"https:\/\/jogisart.com\/en\/wp-json\/wp\/v2\/product_brand?post=935"},{"taxonomy":"product_cat","embeddable":true,"href":"https:\/\/jogisart.com\/en\/wp-json\/wp\/v2\/product_cat?post=935"},{"taxonomy":"product_tag","embeddable":true,"href":"https:\/\/jogisart.com\/en\/wp-json\/wp\/v2\/product_tag?post=935"}],"curies":[{"name":"wp","href":"https:\/\/api.w.org\/{rel}","templated":true}]}}